{"id":6480,"date":"2023-08-02T08:44:01","date_gmt":"2023-08-02T08:44:01","guid":{"rendered":"https:\/\/weareincola.com\/?page_id=6480"},"modified":"2024-06-24T10:51:41","modified_gmt":"2024-06-24T10:51:41","slug":"proyectos","status":"publish","type":"page","link":"https:\/\/weareincola.com\/en\/proyectos\/","title":{"rendered":"Proyectos"},"content":{"rendered":"<div data-elementor-type=\"wp-page\" data-elementor-id=\"6480\" class=\"elementor elementor-6480\">\n\t\t\t\t<div class=\"elementor-element elementor-element-e28f7e9 e-con-full e-flex e-con e-parent\" data-id=\"e28f7e9\" data-element_type=\"container\" data-e-type=\"container\" data-settings=\"{&quot;background_background&quot;:&quot;classic&quot;}\">\n\t\t<div class=\"elementor-element elementor-element-0bf5835 e-con-full e-flex e-con e-parent\" data-id=\"0bf5835\" data-element_type=\"container\" data-e-type=\"container\" data-settings=\"{&quot;background_background&quot;:&quot;classic&quot;}\">\n\t\t<div class=\"elementor-element elementor-element-144cae5 e-flex e-con-boxed e-con e-parent\" data-id=\"144cae5\" data-element_type=\"container\" data-e-type=\"container\" data-settings=\"{&quot;background_background&quot;:&quot;classic&quot;}\">\n\t\t\t\t\t<div class=\"e-con-inner\">\n\t\t\t\t<div class=\"elementor-element elementor-element-ac23231 e-transform elementor-widget__width-inherit elementor-invisible elementor-widget elementor-widget-hub_fancy_heading\" data-id=\"ac23231\" data-element_type=\"widget\" data-e-type=\"widget\" data-settings=\"{&quot;_animation&quot;:&quot;fadeInUp&quot;,&quot;_transform_translateX_effect_hover&quot;:{&quot;unit&quot;:&quot;px&quot;,&quot;size&quot;:10,&quot;sizes&quot;:[]},&quot;_transform_translateX_effect_hover_tablet&quot;:{&quot;unit&quot;:&quot;px&quot;,&quot;size&quot;:&quot;&quot;,&quot;sizes&quot;:[]},&quot;_transform_translateX_effect_hover_mobile&quot;:{&quot;unit&quot;:&quot;px&quot;,&quot;size&quot;:&quot;&quot;,&quot;sizes&quot;:[]},&quot;_transform_translateY_effect_hover&quot;:{&quot;unit&quot;:&quot;px&quot;,&quot;size&quot;:&quot;&quot;,&quot;sizes&quot;:[]},&quot;_transform_translateY_effect_hover_tablet&quot;:{&quot;unit&quot;:&quot;px&quot;,&quot;size&quot;:&quot;&quot;,&quot;sizes&quot;:[]},&quot;_transform_translateY_effect_hover_mobile&quot;:{&quot;unit&quot;:&quot;px&quot;,&quot;size&quot;:&quot;&quot;,&quot;sizes&quot;:[]}}\" data-widget_type=\"hub_fancy_heading.default\">\n\t\t\t\t<div class=\"elementor-widget-container\">\n\t\t\t\t\t\n\t\t<div id=\"ld-fancy-heading-69e2354d20678\" class=\"ld-fancy-heading pos-rel\">\n\t\t\t<span class=\"ld-fh-element d-inline-block pos-rel  lqd-highlight-classic lqd-highlight-grow-left span\"  > PROJECTS<\/span>\t\t<\/div>\n\n\t\t\t\t\t\t<\/div>\n\t\t\t\t<\/div>\n\t\t\t\t<div class=\"elementor-element elementor-element-2bf2eaa e-transform elementor-widget__width-initial elementor-invisible elementor-widget elementor-widget-hub_fancy_heading lqd-el-has-inner-anim\" data-id=\"2bf2eaa\" data-element_type=\"widget\" data-e-type=\"widget\" data-settings=\"{&quot;enable_split&quot;:&quot;true&quot;,&quot;_animation&quot;:&quot;fadeInUp&quot;,&quot;_transform_translateX_effect_hover&quot;:{&quot;unit&quot;:&quot;px&quot;,&quot;size&quot;:10,&quot;sizes&quot;:[]},&quot;split_type&quot;:&quot;lines&quot;,&quot;_transform_translateX_effect_hover_tablet&quot;:{&quot;unit&quot;:&quot;px&quot;,&quot;size&quot;:&quot;&quot;,&quot;sizes&quot;:[]},&quot;_transform_translateX_effect_hover_mobile&quot;:{&quot;unit&quot;:&quot;px&quot;,&quot;size&quot;:&quot;&quot;,&quot;sizes&quot;:[]},&quot;_transform_translateY_effect_hover&quot;:{&quot;unit&quot;:&quot;px&quot;,&quot;size&quot;:&quot;&quot;,&quot;sizes&quot;:[]},&quot;_transform_translateY_effect_hover_tablet&quot;:{&quot;unit&quot;:&quot;px&quot;,&quot;size&quot;:&quot;&quot;,&quot;sizes&quot;:[]},&quot;_transform_translateY_effect_hover_mobile&quot;:{&quot;unit&quot;:&quot;px&quot;,&quot;size&quot;:&quot;&quot;,&quot;sizes&quot;:[]}}\" data-widget_type=\"hub_fancy_heading.default\">\n\t\t\t\t<div class=\"elementor-widget-container\">\n\t\t\t\t\t\n\t\t<div id=\"ld-fancy-heading-69e2354d20ff1\" class=\"ld-fancy-heading pos-rel\">\n\t\t\t<h2 class=\"ld-fh-element d-inline-block pos-rel  elementor-heading-title lqd-highlight-classic lqd-highlight-grow-left lqd-split-lines h2\"  data-split-text=\"true\" data-split-options='{\"type\":\"lines\"}'> We create thought-provoking theatre that will serve as entertainment.<\/h2>\t\t<\/div>\n\n\t\t\t\t\t\t<\/div>\n\t\t\t\t<\/div>\n\t\t\t\t<div class=\"elementor-element elementor-element-f360b11 elementor-widget__width-inherit elementor-widget elementor-widget-ld_portfolio\" data-id=\"f360b11\" data-element_type=\"widget\" data-e-type=\"widget\" data-widget_type=\"ld_portfolio.default\">\n\t\t\t\t<div class=\"elementor-widget-container\">\n\t\t\t\t\t<div class=\"lqd-pf-grid lqd-pf-grid-f360b11\">\t\t\t\r\n<div class=\"liquid-filter-items align-items-center justify-content-start\">\t\r\n\t<div class=\"liquid-filter-items-inner flex-grow-1\">\r\n\t\t\r\n\t\t\t\t\t<span class=\"liquid-filter-items-label  size-md\">FILTRAR POR<\/span>\r\n\t\t\r\n\t\t<ul class=\"filter-list filter-list-inline  size-custom filter-list-decorated filters-underline text-uppercase ltr-sp-1 font-weight-bold d-flex align-items-center hidden-xs hidden-sm\" id=\"pf-filter-255200017\">\r\n\t\t\t<li class=\"active\" data-filter=\"*\"><span>TODO<\/span><\/li>\r\n\t\t\t<li data-filter=\".colaboracion\"><span>COLABORACI\u00d3N<\/span><\/li><li data-filter=\".propio\"><span>PROPIO<\/span><\/li>\t\t<\/ul>\r\n\r\n\t\t<div class=\"lqd-filter-dropdown visible-xs visible-sm\" data-form-options='{ \"dropdownAppendTo\": \"self\" }'>\r\n\t\t\t<select name=\"lqd-filter-dropdown-pf-filter-255200017\" id=\"lqd-filter-dropdown-pf-filter-255200017\">\r\n\t\t\t\t<option selected data-filter=\"*\" value=\"*\">TODO<\/option>\r\n\t\t\t\t<option data-filter=\".colaboracion\" value=\".colaboracion\">COLABORACI\u00d3N<\/option><option data-filter=\".propio\" value=\".propio\">PROPIO<\/option>\t\t\t<\/select>\r\n\t\t<\/div>\r\n\t\t\t\r\n\t\t\t\t\t\t\t\r\n\t\t\t\r\n\t<\/div>\r\n<\/div><div id=\"lqd-pf-grid-f360b11\" class=\"lqd-pf-row row d-flex flex-wrap lqd-pf-grid-f360b11\" data-liquid-masonry=\"true\" data-masonry-options='{ \"filtersID\": \"#pf-filter-255200017\", \"filtersCounter\": true }'><div class=\"lqd-pf-column col-md-6 col-sm-6 col-xs-12 masonry-item colaboracion\">\n\n\t<article id=\"post-6486\" class=\"lqd-pf-item lqd-pf-item-style-1 lqd-pf-color-custom pf-details-h-end pos-rel overflow-hidden post-6486 liquid-portfolio type-liquid-portfolio status-publish format-standard has-post-thumbnail hentry liquid-portfolio-category-colaboracion\">\n\t\t<div class=\"lqd-pf-item-inner\">\n\n\t\t\t<div class=\"lqd-pf-img\">\n\t\t\t\t<figure>\n\t\t\t\t\t<figure class=\"w-100\"><img fetchpriority=\"high\" decoding=\"async\" width=\"6000\" height=\"3376\" src=\"https:\/\/weareincola.com\/wp-content\/uploads\/2023\/08\/DSC0639-Mejorado-NR-1.jpg\" class=\"w-100 wp-post-image\" alt=\"\" srcset=\"https:\/\/weareincola.com\/wp-content\/uploads\/2023\/08\/DSC0639-Mejorado-NR-1.jpg 6000w, https:\/\/weareincola.com\/wp-content\/uploads\/2023\/08\/DSC0639-Mejorado-NR-1-300x169.jpg 300w, https:\/\/weareincola.com\/wp-content\/uploads\/2023\/08\/DSC0639-Mejorado-NR-1-1024x576.jpg 1024w, https:\/\/weareincola.com\/wp-content\/uploads\/2023\/08\/DSC0639-Mejorado-NR-1-18x10.jpg 18w\" sizes=\"(max-width: 6000px) 100vw, 6000px\" itemprop=\"image\" \/><\/figure>\t\t\t\t<\/figure>\n\t\t\t<\/div>\n\n\t\t\t<div class=\"lqd-pf-details d-flex flex-wrap pos-rel border-radius-4\">\n\t\t\t\t<span class=\"lqd-pf-overlay-bg lqd-overlay\"><\/span>\n\t\t\t\t<div class=\"lqd-pf-info d-flex flex-wrap align-items-center justify-content-between w-100 p-4\">\n\t\t\t\t\t\t\t\t\t\t<h2 class=\"lqd-pf-title mt-0 mb-0\">La granja<\/h2>\t\t\t\t\t<ul class=\"reset-ul inline-nav lqd-pf-cat d-inline-flex pos-rel z-index-2\"><li><a href=\"https:\/\/weareincola.com\/en\/portfolio-category\/colaboracion\/\">COLABORACI\u00d3N<\/a><\/li><\/ul>\t\t\t\t<\/div>\n\t\t\t<\/div>\n\n\t\t\t<a href=\"https:\/\/weareincola.com\/en\/portfolio\/la-granja\/\"  class=\"lqd-overlay lqd-pf-overlay-link lqd-cc-icon-trigger\"><\/a>\n\t\t<\/div>\n\t<\/article>\n\n<\/div><div class=\"lqd-pf-column col-md-6 col-sm-6 col-xs-12 masonry-item colaboracion\">\n\n\t<article id=\"post-6490\" class=\"lqd-pf-item lqd-pf-item-style-1 lqd-pf-color-custom pf-details-h-end pos-rel overflow-hidden post-6490 liquid-portfolio type-liquid-portfolio status-publish format-standard has-post-thumbnail hentry liquid-portfolio-category-colaboracion\">\n\t\t<div class=\"lqd-pf-item-inner\">\n\n\t\t\t<div class=\"lqd-pf-img\">\n\t\t\t\t<figure>\n\t\t\t\t\t<figure class=\"w-100\"><img decoding=\"async\" width=\"1600\" height=\"900\" src=\"data:image\/svg+xml;charset=utf-8,%3Csvg xmlns%3D&#039;http%3A%2F%2Fwww.w3.org%2F2000%2Fsvg&#039; viewBox%3D&#039;0 0 1600 900&#039;%2F%3E\" class=\"w-100 ld-lazyload wp-post-image\" alt=\"\" itemprop=\"image\" data-src=\"https:\/\/weareincola.com\/wp-content\/uploads\/2023\/08\/LA-PRUEBA-DE-LOS-INGENIOS-Fotog.-Paul-Alcaide-1-1.jpeg\" data-srcset=\"https:\/\/weareincola.com\/wp-content\/uploads\/2023\/08\/LA-PRUEBA-DE-LOS-INGENIOS-Fotog.-Paul-Alcaide-1-1.jpeg 1600w, https:\/\/weareincola.com\/wp-content\/uploads\/2023\/08\/LA-PRUEBA-DE-LOS-INGENIOS-Fotog.-Paul-Alcaide-1-1-300x169.jpeg 300w, https:\/\/weareincola.com\/wp-content\/uploads\/2023\/08\/LA-PRUEBA-DE-LOS-INGENIOS-Fotog.-Paul-Alcaide-1-1-1024x576.jpeg 1024w, https:\/\/weareincola.com\/wp-content\/uploads\/2023\/08\/LA-PRUEBA-DE-LOS-INGENIOS-Fotog.-Paul-Alcaide-1-1-18x10.jpeg 18w\" data-sizes=\"(max-width: 1600px) 100vw, 1600px\" data-aspect=\"1.7777777777778\" \/><\/figure>\t\t\t\t<\/figure>\n\t\t\t<\/div>\n\n\t\t\t<div class=\"lqd-pf-details d-flex flex-wrap pos-rel border-radius-4\">\n\t\t\t\t<span class=\"lqd-pf-overlay-bg lqd-overlay\"><\/span>\n\t\t\t\t<div class=\"lqd-pf-info d-flex flex-wrap align-items-center justify-content-between w-100 p-4\">\n\t\t\t\t\t\t\t\t\t\t<h2 class=\"lqd-pf-title mt-0 mb-0\">La prueba de los ingenios<\/h2>\t\t\t\t\t<ul class=\"reset-ul inline-nav lqd-pf-cat d-inline-flex pos-rel z-index-2\"><li><a href=\"https:\/\/weareincola.com\/en\/portfolio-category\/colaboracion\/\">COLABORACI\u00d3N<\/a><\/li><\/ul>\t\t\t\t<\/div>\n\t\t\t<\/div>\n\n\t\t\t<a href=\"https:\/\/weareincola.com\/en\/portfolio\/la-prueba-de-los-ingenios\/\"  class=\"lqd-overlay lqd-pf-overlay-link lqd-cc-icon-trigger\"><\/a>\n\t\t<\/div>\n\t<\/article>\n\n<\/div><\/div><\/div>\t\t\t\t<\/div>\n\t\t\t\t<\/div>\n\t\t\t\t\t<\/div>\n\t\t\t\t<\/div>\n\t\t\t\t<\/div>\n\t\t\t\t<\/div>\n\t\t\t\t<\/div>","protected":false},"excerpt":{"rendered":"<p>PROYECTOS Creamos un teatro reflexivo y divertido. FILTRAR POR TODO COLABORACI\u00d3N PROPIO TODOCOLABORACI\u00d3NPROPIO Las Amazonas COLABORACI\u00d3N Placeholder 2 COLABORACI\u00d3N Placeholder 3 PROPIO Placeholder 4 COLABORACI\u00d3N Placeholder 5 COLABORACI\u00d3N Placeholder 6 PROPIO<\/p>","protected":false},"author":2,"featured_media":0,"parent":0,"menu_order":0,"comment_status":"closed","ping_status":"closed","template":"","meta":{"footnotes":""},"class_list":["post-6480","page","type-page","status-publish","hentry"],"_links":{"self":[{"href":"https:\/\/weareincola.com\/en\/wp-json\/wp\/v2\/pages\/6480","targetHints":{"allow":["GET"]}}],"collection":[{"href":"https:\/\/weareincola.com\/en\/wp-json\/wp\/v2\/pages"}],"about":[{"href":"https:\/\/weareincola.com\/en\/wp-json\/wp\/v2\/types\/page"}],"author":[{"embeddable":true,"href":"https:\/\/weareincola.com\/en\/wp-json\/wp\/v2\/users\/2"}],"replies":[{"embeddable":true,"href":"https:\/\/weareincola.com\/en\/wp-json\/wp\/v2\/comments?post=6480"}],"version-history":[{"count":85,"href":"https:\/\/weareincola.com\/en\/wp-json\/wp\/v2\/pages\/6480\/revisions"}],"predecessor-version":[{"id":6595,"href":"https:\/\/weareincola.com\/en\/wp-json\/wp\/v2\/pages\/6480\/revisions\/6595"}],"wp:attachment":[{"href":"https:\/\/weareincola.com\/en\/wp-json\/wp\/v2\/media?parent=6480"}],"curies":[{"name":"wp","href":"https:\/\/api.w.org\/{rel}","templated":true}]}}