{"id":5203,"date":"2023-03-20T09:28:56","date_gmt":"2023-03-20T09:28:56","guid":{"rendered":"https:\/\/weareincola.com\/?page_id=5203"},"modified":"2024-06-13T15:53:46","modified_gmt":"2024-06-13T15:53:46","slug":"sobre-incola","status":"publish","type":"page","link":"https:\/\/weareincola.com\/en\/sobre-incola\/","title":{"rendered":"Sobre Incola"},"content":{"rendered":"<div data-elementor-type=\"wp-page\" data-elementor-id=\"5203\" class=\"elementor elementor-5203\">\n\t\t\t\t\t\t<section class=\"elementor-section elementor-top-section elementor-element elementor-element-1038e278 elementor-section-boxed elementor-section-height-default elementor-section-height-default\" data-id=\"1038e278\" data-element_type=\"section\" data-e-type=\"section\" data-settings=\"{&quot;background_background&quot;:&quot;classic&quot;}\">\n\t\t\t\t\t\t<div class=\"elementor-container elementor-column-gap-default\">\n\t\t\t\t\t<div class=\"elementor-column elementor-col-50 elementor-top-column elementor-element elementor-element-4e62d44\" data-id=\"4e62d44\" data-element_type=\"column\" data-e-type=\"column\">\n\t\t\t<div class=\"elementor-widget-wrap elementor-element-populated\">\n\t\t\t\t\t\t<div class=\"elementor-element elementor-element-769561cc elementor-widget elementor-widget-hub_fancy_heading\" data-id=\"769561cc\" data-element_type=\"widget\" data-e-type=\"widget\" data-widget_type=\"hub_fancy_heading.default\">\n\t\t\t\t<div class=\"elementor-widget-container\">\n\t\t\t\t\t\n\t\t<div id=\"ld-fancy-heading-69e247b335ccc\" class=\"ld-fancy-heading pos-rel\">\n\t\t\t<h6 class=\"ld-fh-element d-inline-block pos-rel  elementor-heading-title lqd-highlight-classic lqd-highlight-grow-left h6\"  > ABOUT \u00cdNCOLA<\/h6>\t\t<\/div>\n\n\t\t\t\t\t\t<\/div>\n\t\t\t\t<\/div>\n\t\t\t\t<div class=\"elementor-element elementor-element-6e06b2c3 elementor-widget elementor-widget-hub_fancy_heading\" data-id=\"6e06b2c3\" data-element_type=\"widget\" data-e-type=\"widget\" data-widget_type=\"hub_fancy_heading.default\">\n\t\t\t\t<div class=\"elementor-widget-container\">\n\t\t\t\t\t\n\t\t<div id=\"ld-fancy-heading-69e247b33664b\" class=\"ld-fancy-heading pos-rel\">\n\t\t\t<h2 class=\"ld-fh-element d-inline-block pos-rel  elementor-heading-title lqd-highlight-classic lqd-highlight-grow-left h2 translation-block\"  >Let's build together the theatre of the present.<\/h2>\t\t<\/div>\n\n\t\t\t\t\t\t<\/div>\n\t\t\t\t<\/div>\n\t\t\t\t<div class=\"elementor-element elementor-element-71f77ac0 elementor-widget elementor-widget-hub_fancy_heading\" data-id=\"71f77ac0\" data-element_type=\"widget\" data-e-type=\"widget\" data-widget_type=\"hub_fancy_heading.default\">\n\t\t\t\t<div class=\"elementor-widget-container\">\n\t\t\t\t\t\n\t\t<div id=\"ld-fancy-heading-69e247b336da3\" class=\"ld-fancy-heading pos-rel\">\n\t\t\t<p class=\"ld-fh-element d-inline-block pos-rel  lqd-highlight-classic lqd-highlight-grow-left p translation-block\"  >Incola is a space where one can reflect collectively, where through theatre we invite the viewer to connect with society from another perspective. A theatre of collaborative creation, which is governed by reliable work constantly raising different questions that help us to connect with all existing environments (social, political and personal).<\/p>\t\t<\/div>\n\n\t\t\t\t\t\t<\/div>\n\t\t\t\t<\/div>\n\t\t\t\t<div class=\"elementor-element elementor-element-c4ab2e6 elementor-widget elementor-widget-spacer\" data-id=\"c4ab2e6\" data-element_type=\"widget\" data-e-type=\"widget\" data-widget_type=\"spacer.default\">\n\t\t\t\t<div class=\"elementor-widget-container\">\n\t\t\t\t\t\t\t<div class=\"elementor-spacer\">\n\t\t\t<div class=\"elementor-spacer-inner\"><\/div>\n\t\t<\/div>\n\t\t\t\t\t\t<\/div>\n\t\t\t\t<\/div>\n\t\t\t\t<div class=\"elementor-element elementor-element-a94d061 elementor-widget elementor-widget-hub_fancy_heading\" data-id=\"a94d061\" data-element_type=\"widget\" data-e-type=\"widget\" data-widget_type=\"hub_fancy_heading.default\">\n\t\t\t\t<div class=\"elementor-widget-container\">\n\t\t\t\t\t\n\t\t<div id=\"ld-fancy-heading-69e247b3374e0\" class=\"ld-fancy-heading pos-rel\">\n\t\t\t<p class=\"ld-fh-element d-inline-block pos-rel  lqd-highlight-classic lqd-highlight-grow-left p translation-block\"  >Incola is a place where one's own creation and others\u00b4 coexist so that all kinds of voices have their place. A place from which you can travel to the past to learn from it; it helps us navigate through the present and it showcases the possibility of what this world could be in the future.<\/p>\t\t<\/div>\n\n\t\t\t\t\t\t<\/div>\n\t\t\t\t<\/div>\n\t\t\t\t\t<\/div>\n\t\t<\/div>\n\t\t\t\t<div class=\"elementor-column elementor-col-50 elementor-top-column elementor-element elementor-element-76c10d14\" data-id=\"76c10d14\" data-element_type=\"column\" data-e-type=\"column\">\n\t\t\t<div class=\"elementor-widget-wrap\">\n\t\t\t\t\t\t\t<\/div>\n\t\t<\/div>\n\t\t\t\t\t<\/div>\n\t\t<\/section>\n\t\t\t\t<section class=\"elementor-section elementor-top-section elementor-element elementor-element-e454e01 elementor-section-boxed elementor-section-height-default elementor-section-height-default\" data-id=\"e454e01\" data-element_type=\"section\" data-e-type=\"section\" data-settings=\"{&quot;background_background&quot;:&quot;classic&quot;}\">\n\t\t\t\t\t\t<div class=\"elementor-container elementor-column-gap-default\">\n\t\t\t\t\t<div class=\"elementor-column elementor-col-50 elementor-top-column elementor-element elementor-element-63f35e3\" data-id=\"63f35e3\" data-element_type=\"column\" data-e-type=\"column\">\n\t\t\t<div class=\"elementor-widget-wrap elementor-element-populated\">\n\t\t\t\t\t\t<div class=\"elementor-element elementor-element-ac08407 elementor-widget__width-initial elementor-widget elementor-widget-ld_fancy_image\" data-id=\"ac08407\" data-element_type=\"widget\" data-e-type=\"widget\" data-widget_type=\"ld_fancy_image.default\">\n\t\t\t\t<div class=\"elementor-widget-container\">\n\t\t\t\t\t\n\t\t<div class=\"lqd-imggrp-single d-block pos-rel\">\n\t\t\t<div class=\"lqd-imggrp-img-container d-inline-flex pos-rel align-items-center justify-content-center\">\n\t\t\t\t\t\t\t\t<figure class=\"w-100 pos-rel\">\n\t\t\t\t\t<img fetchpriority=\"high\" decoding=\"async\" width=\"1920\" height=\"2608\" src=\"https:\/\/weareincola.com\/wp-content\/uploads\/2023\/03\/i-am_nah-S4OsO0c6Ts-unsplash.jpg\" class=\"attachment-full size-full wp-image-6295\" alt=\"\" srcset=\"https:\/\/weareincola.com\/wp-content\/uploads\/2023\/03\/i-am_nah-S4OsO0c6Ts-unsplash.jpg 1920w, https:\/\/weareincola.com\/wp-content\/uploads\/2023\/03\/i-am_nah-S4OsO0c6Ts-unsplash-221x300.jpg 221w, https:\/\/weareincola.com\/wp-content\/uploads\/2023\/03\/i-am_nah-S4OsO0c6Ts-unsplash-754x1024.jpg 754w, https:\/\/weareincola.com\/wp-content\/uploads\/2023\/03\/i-am_nah-S4OsO0c6Ts-unsplash-9x12.jpg 9w, https:\/\/weareincola.com\/wp-content\/uploads\/2023\/03\/i-am_nah-S4OsO0c6Ts-unsplash-1131x1536.jpg 1131w, https:\/\/weareincola.com\/wp-content\/uploads\/2023\/03\/i-am_nah-S4OsO0c6Ts-unsplash-1508x2048.jpg 1508w\" sizes=\"(max-width: 1920px) 100vw, 1920px\" itemprop=\"image\" \/>\t\t\t\t\t\t\t\t\t\t\t\t\t\t\t\t\t\t\t\t\t\t\t\t\t\t\t\t\t<\/figure>\n\t\t\t<\/div>\n\t\t<\/div>\n\n\t\t\t\t\t<\/div>\n\t\t\t\t<\/div>\n\t\t\t\t\t<\/div>\n\t\t<\/div>\n\t\t\t\t<div class=\"elementor-column elementor-col-50 elementor-top-column elementor-element elementor-element-b2bf8c6\" data-id=\"b2bf8c6\" data-element_type=\"column\" data-e-type=\"column\">\n\t\t\t<div class=\"elementor-widget-wrap elementor-element-populated\">\n\t\t\t\t\t\t<div class=\"elementor-element elementor-element-460005c elementor-widget elementor-widget-hub_fancy_heading\" data-id=\"460005c\" data-element_type=\"widget\" data-e-type=\"widget\" data-widget_type=\"hub_fancy_heading.default\">\n\t\t\t\t<div class=\"elementor-widget-container\">\n\t\t\t\t\t\n\t\t<div id=\"ld-fancy-heading-69e247b3391d1\" class=\"ld-fancy-heading pos-rel\">\n\t\t\t<h6 class=\"ld-fh-element d-inline-block pos-rel  elementor-heading-title lqd-highlight-classic lqd-highlight-grow-left h6\"  > ENVIRONMENTAL CONSCIOUSNESS<\/h6>\t\t<\/div>\n\n\t\t\t\t\t\t<\/div>\n\t\t\t\t<\/div>\n\t\t\t\t<div class=\"elementor-element elementor-element-fc0a782 elementor-widget elementor-widget-spacer\" data-id=\"fc0a782\" data-element_type=\"widget\" data-e-type=\"widget\" data-widget_type=\"spacer.default\">\n\t\t\t\t<div class=\"elementor-widget-container\">\n\t\t\t\t\t\t\t<div class=\"elementor-spacer\">\n\t\t\t<div class=\"elementor-spacer-inner\"><\/div>\n\t\t<\/div>\n\t\t\t\t\t\t<\/div>\n\t\t\t\t<\/div>\n\t\t\t\t<div class=\"elementor-element elementor-element-0cfe3d3 elementor-widget elementor-widget-hub_fancy_heading\" data-id=\"0cfe3d3\" data-element_type=\"widget\" data-e-type=\"widget\" data-widget_type=\"hub_fancy_heading.default\">\n\t\t\t\t<div class=\"elementor-widget-container\">\n\t\t\t\t\t\n\t\t<div id=\"ld-fancy-heading-69e247b339745\" class=\"ld-fancy-heading pos-rel\">\n\t\t\t<p class=\"ld-fh-element d-inline-block pos-rel  lqd-highlight-classic lqd-highlight-grow-left p translation-block\"  >Let's use the power of the theatre as a tool that educates through its entertainment in order to create a more respectful habitat for all, taking care of every single aspect of sustainability. From our environment, producing in more sustainable ways so that our carbon footprint is minimised, to our society, fostering all kinds of people who take shelter in this art.<\/p>\t\t<\/div>\n\n\t\t\t\t\t\t<\/div>\n\t\t\t\t<\/div>\n\t\t\t\t<div class=\"elementor-element elementor-element-d55c5aa elementor-widget elementor-widget-spacer\" data-id=\"d55c5aa\" data-element_type=\"widget\" data-e-type=\"widget\" data-widget_type=\"spacer.default\">\n\t\t\t\t<div class=\"elementor-widget-container\">\n\t\t\t\t\t\t\t<div class=\"elementor-spacer\">\n\t\t\t<div class=\"elementor-spacer-inner\"><\/div>\n\t\t<\/div>\n\t\t\t\t\t\t<\/div>\n\t\t\t\t<\/div>\n\t\t\t\t<div class=\"elementor-element elementor-element-b8cdb2f elementor-widget elementor-widget-hub_fancy_heading\" data-id=\"b8cdb2f\" data-element_type=\"widget\" data-e-type=\"widget\" data-widget_type=\"hub_fancy_heading.default\">\n\t\t\t\t<div class=\"elementor-widget-container\">\n\t\t\t\t\t\n\t\t<div id=\"ld-fancy-heading-69e247b339c9a\" class=\"ld-fancy-heading pos-rel\">\n\t\t\t<h6 class=\"ld-fh-element d-inline-block pos-rel  elementor-heading-title lqd-highlight-classic lqd-highlight-grow-left h6\"  > BEHIND \u00cdNCOLA<\/h6>\t\t<\/div>\n\n\t\t\t\t\t\t<\/div>\n\t\t\t\t<\/div>\n\t\t\t\t<div class=\"elementor-element elementor-element-259e998 elementor-widget elementor-widget-spacer\" data-id=\"259e998\" data-element_type=\"widget\" data-e-type=\"widget\" data-widget_type=\"spacer.default\">\n\t\t\t\t<div class=\"elementor-widget-container\">\n\t\t\t\t\t\t\t<div class=\"elementor-spacer\">\n\t\t\t<div class=\"elementor-spacer-inner\"><\/div>\n\t\t<\/div>\n\t\t\t\t\t\t<\/div>\n\t\t\t\t<\/div>\n\t\t\t\t<div class=\"elementor-element elementor-element-5f26e7f elementor-widget elementor-widget-hub_fancy_heading\" data-id=\"5f26e7f\" data-element_type=\"widget\" data-e-type=\"widget\" data-widget_type=\"hub_fancy_heading.default\">\n\t\t\t\t<div class=\"elementor-widget-container\">\n\t\t\t\t\t\n\t\t<div id=\"ld-fancy-heading-69e247b33a196\" class=\"ld-fancy-heading pos-rel\">\n\t\t\t<p class=\"ld-fh-element d-inline-block pos-rel  lqd-highlight-classic lqd-highlight-grow-left p translation-block\"  >This project is led by Carmen Salmer\u00f3n in order to provide an environment in which to coexist and starts from the basis that artistic creation can be our most valuable tool to achieve a tangible change.<\/p>\t\t<\/div>\n\n\t\t\t\t\t\t<\/div>\n\t\t\t\t<\/div>\n\t\t\t\t<div class=\"elementor-element elementor-element-9ed6adf elementor-widget elementor-widget-spacer\" data-id=\"9ed6adf\" data-element_type=\"widget\" data-e-type=\"widget\" data-widget_type=\"spacer.default\">\n\t\t\t\t<div class=\"elementor-widget-container\">\n\t\t\t\t\t\t\t<div class=\"elementor-spacer\">\n\t\t\t<div class=\"elementor-spacer-inner\"><\/div>\n\t\t<\/div>\n\t\t\t\t\t\t<\/div>\n\t\t\t\t<\/div>\n\t\t\t\t<div class=\"elementor-element elementor-element-47090bd elementor-tablet-align-center elementor-mobile-align-left elementor-widget elementor-widget-ld_button\" data-id=\"47090bd\" data-element_type=\"widget\" data-e-type=\"widget\" data-widget_type=\"ld_button.default\">\n\t\t\t\t<div class=\"elementor-widget-container\">\n\t\t\t\t\t\n\t\t\t<a\n\t\t\t\thref=\"https:\/\/weareincola.com\/en\/sobre-carmen-salmeron\/\" target=\"_blank\"class=\"elementor-button btn btn-solid btn-block btn-icon-right btn-icon-circle btn-icon-md btn-icon-shaped btn-icon-bordered btn-has-label\"\t\t\t>\n\t\t\t\t\t\t\t\t\t<span data-text=\"SOBRE CARMEN SALMER\u00d3N\" class=\"btn-txt\">\n\t\t\t\t\t\tABOUT CARMEN SALMER\u00d3N\t\t\t\t\t<\/span>\n\t\t\t\t\t\t\t\t\t\t\t\t\t\t<span class=\"btn-icon\">\n\t\t\t\t\t\t\t<i aria-hidden=\"true\" class=\"lqd-icn-ess icon-ion-ios-arrow-forward\"><\/i>\t\t\t\t\t\t<\/span>\n\t\t\t\t\t\t\t\t\t<\/a>\n\t\t\t\t\t\t\t<\/div>\n\t\t\t\t<\/div>\n\t\t\t\t\t<\/div>\n\t\t<\/div>\n\t\t\t\t\t<\/div>\n\t\t<\/section>\n\t\t\t\t<\/div>","protected":false},"excerpt":{"rendered":"<p>SOBRE \u00cdNCOLA Construyamos juntos el teatro del presente. \u00cdncola es un espacio de encuentro y reflexi\u00f3n. Un teatro de creaci\u00f3n colaborativa, que se rige por un trabajo honesto y con la constante inquietud de seguir plante\u00e1ndose distintas cuestiones que nos ayuden a conectar con todos los entornos existentes (social, pol\u00edtico y personal). \u00cdncola es un [&hellip;]<\/p>\n","protected":false},"author":1,"featured_media":0,"parent":0,"menu_order":0,"comment_status":"closed","ping_status":"closed","template":"","meta":{"footnotes":""},"class_list":["post-5203","page","type-page","status-publish","hentry"],"_links":{"self":[{"href":"https:\/\/weareincola.com\/en\/wp-json\/wp\/v2\/pages\/5203","targetHints":{"allow":["GET"]}}],"collection":[{"href":"https:\/\/weareincola.com\/en\/wp-json\/wp\/v2\/pages"}],"about":[{"href":"https:\/\/weareincola.com\/en\/wp-json\/wp\/v2\/types\/page"}],"author":[{"embeddable":true,"href":"https:\/\/weareincola.com\/en\/wp-json\/wp\/v2\/users\/1"}],"replies":[{"embeddable":true,"href":"https:\/\/weareincola.com\/en\/wp-json\/wp\/v2\/comments?post=5203"}],"version-history":[{"count":12,"href":"https:\/\/weareincola.com\/en\/wp-json\/wp\/v2\/pages\/5203\/revisions"}],"predecessor-version":[{"id":6444,"href":"https:\/\/weareincola.com\/en\/wp-json\/wp\/v2\/pages\/5203\/revisions\/6444"}],"wp:attachment":[{"href":"https:\/\/weareincola.com\/en\/wp-json\/wp\/v2\/media?parent=5203"}],"curies":[{"name":"wp","href":"https:\/\/api.w.org\/{rel}","templated":true}]}}